{"id":7152,"date":"2023-10-25T14:10:31","date_gmt":"2023-10-25T12:10:31","guid":{"rendered":"https:\/\/www.redlinecompany.com\/wordpress\/?page_id=7152"},"modified":"2024-01-24T15:50:59","modified_gmt":"2024-01-24T14:50:59","slug":"cookies-notice","status":"publish","type":"page","link":"https:\/\/www.redlinecompany.com\/es\/cookies-notice\/","title":{"rendered":"Aviso sobre las cookies"},"content":{"rendered":"<div data-elementor-type=\"wp-page\" data-elementor-id=\"7152\" class=\"elementor elementor-7152\" data-elementor-post-type=\"page\">\n\t\t\t\t<div class=\"elementor-element elementor-element-5e6e466 e-flex e-con-boxed elementor-invisible e-con e-parent\" data-id=\"5e6e466\" data-element_type=\"container\" data-e-type=\"container\" data-settings=\"{&quot;animation&quot;:&quot;fadeIn&quot;}\">\n\t\t\t\t\t<div class=\"e-con-inner\">\n\t\t\t\t<div class=\"elementor-element elementor-element-32ec169 elementor-widget elementor-widget-heading\" data-id=\"32ec169\" data-element_type=\"widget\" data-e-type=\"widget\" data-widget_type=\"heading.default\">\n\t\t\t\t<div class=\"elementor-widget-container\">\n\t\t\t\t\t<h1 class=\"elementor-heading-title elementor-size-default\">INFORMACI\u00d3N SOBRE NUESTRAS COOKIES<\/h1>\t\t\t\t<\/div>\n\t\t\t\t<\/div>\n\t\t\t\t<div class=\"elementor-element elementor-element-1c72f7d elementor-widget elementor-widget-text-editor\" data-id=\"1c72f7d\" data-element_type=\"widget\" data-e-type=\"widget\" data-widget_type=\"text-editor.default\">\n\t\t\t\t<div class=\"elementor-widget-container\">\n\t\t\t\t\t\t\t\t\t<p>En cumplimiento de la Ley 34\/2002 LSSICE de Servicios de la Sociedad de la Informaci\u00f3n y de Comercio Electr\u00f3nico y de acuerdo con el Real Decreto-ley 13\/2012, de 30 de marzo (y la Directiva Europea 2009\/136\/CE) y se han introducido cambios en la Ley espa\u00f1ola que afectan al uso de cookies y mensajes comerciales enviados por correo electr\u00f3nico.<\/p><p>Hemos colocado cookies en su ordenador para ayudarnos a mejorar este sitio web. Puede cambiar la configuraci\u00f3n de las cookies en cualquier momento. De lo contrario, asumiremos que est\u00e1 de acuerdo para continuar.<\/p><p>Le informamos que se colocar\u00e1n cookies en su terminal para ayudarle. Para su correcto funcionamiento nuestra plataforma utiliza cookies y ficheros de actividad que permiten conocer la actividad realizada por los usuarios de la web, mejorando la usabilidad y navegaci\u00f3n de la misma, utilizando por ejemplo las cookies de identificaci\u00f3n de sesi\u00f3n.<\/p><p>Una cookie es un peque\u00f1o archivo que se coloca en su dispositivo, lo que permite a nuestro servidor identificar ese dispositivo y nos permite ofrecer los mejores servicios posibles. Las cookies se utilizan habitualmente en Internet y no da\u00f1an su sistema inform\u00e1tico.<\/p><p>Es posible que, de vez en cuando, utilicemos y usemos cookies, etiquetas de p\u00edxel, etiquetas de acci\u00f3n o tecnolog\u00edas similares.<\/p><p>Utilizamos cookies, etiquetas de p\u00edxel o etiquetas de acci\u00f3n para diversos fines, entre ellos:<\/p><ul><li>Recopilaci\u00f3n de informaci\u00f3n general an\u00f3nima que se utiliza para gestionar y planificar mejoras de nuestros servicios.<\/li><li>Para evaluar la eficacia de nuestra publicidad y promociones en webs de terceros, por ejemplo, rastreando si los usuarios hacen clic en estos anuncios.<\/li><li>Para ayudar a ofrecerte anuncios que sean relevantes para ti cuando navegas por Internet.<\/li><\/ul><p>Buscamos continuamente adoptar y aplicar determinadas pr\u00e1cticas y tecnolog\u00edas para poder mejorar tu experiencia como usuario.<\/p>\t\t\t\t\t\t\t\t<\/div>\n\t\t\t\t<\/div>\n\t\t\t\t<div class=\"elementor-element elementor-element-d71e04b elementor-widget elementor-widget-heading\" data-id=\"d71e04b\" data-element_type=\"widget\" data-e-type=\"widget\" data-widget_type=\"heading.default\">\n\t\t\t\t<div class=\"elementor-widget-container\">\n\t\t\t\t\t<h2 class=\"elementor-heading-title elementor-size-default\">Google Analytics y cookies de terceros<\/h2>\t\t\t\t<\/div>\n\t\t\t\t<\/div>\n\t\t\t\t<div class=\"elementor-element elementor-element-de64092 elementor-widget elementor-widget-text-editor\" data-id=\"de64092\" data-element_type=\"widget\" data-e-type=\"widget\" data-widget_type=\"text-editor.default\">\n\t\t\t\t<div class=\"elementor-widget-container\">\n\t\t\t\t\t\t\t\t\t<p>Estas cookies nos ayudan a analizar la forma en que los visitantes utilizan el sitio redlinecompany.com para que podamos mejorar constantemente nuestro servicio. Estas cookies nos permiten identificar la sesi\u00f3n del visitante, visitantes \u00fanicos, rastrear fuentes de tr\u00e1fico y navegaci\u00f3n para la optimizaci\u00f3n de nuestra web<\/p><p>Puedes bloquear o restringir las cookies establecidas por cualquier web a trav\u00e9s de la configuraci\u00f3n del navegador en cada navegador que utilices y en cada dispositivo que utilices para acceder a Internet.<\/p><p>Si tienes alguna pregunta sobre las cookies, puedes enviar un correo electr\u00f3nico a info@redlinecompany.com<\/p>\t\t\t\t\t\t\t\t<\/div>\n\t\t\t\t<\/div>\n\t\t\t\t\t<\/div>\n\t\t\t\t<\/div>\n\t\t\t\t<\/div>","protected":false},"excerpt":{"rendered":"<p>COOKIES NOTICE In accordance with the Act 34\/2002 LSSICE regarding Company Services for Information and Electronic Commerce and in accordance with Spanish Royal Decree-law 13\/2012 of 30th March (and European Directive 2009\/136\/CE) and changes have been made to the Spanish Act which affects the use of cookies and commercial messages sent by e-mail. We have [&hellip;]<\/p>\n","protected":false},"author":1,"featured_media":0,"parent":0,"menu_order":11,"comment_status":"closed","ping_status":"closed","template":"","meta":{"_acf_changed":false,"content-type":"","footnotes":""},"class_list":["post-7152","page","type-page","status-publish","hentry"],"acf":[],"_links":{"self":[{"href":"https:\/\/www.redlinecompany.com\/es\/wp-json\/wp\/v2\/pages\/7152","targetHints":{"allow":["GET"]}}],"collection":[{"href":"https:\/\/www.redlinecompany.com\/es\/wp-json\/wp\/v2\/pages"}],"about":[{"href":"https:\/\/www.redlinecompany.com\/es\/wp-json\/wp\/v2\/types\/page"}],"author":[{"embeddable":true,"href":"https:\/\/www.redlinecompany.com\/es\/wp-json\/wp\/v2\/users\/1"}],"replies":[{"embeddable":true,"href":"https:\/\/www.redlinecompany.com\/es\/wp-json\/wp\/v2\/comments?post=7152"}],"version-history":[{"count":11,"href":"https:\/\/www.redlinecompany.com\/es\/wp-json\/wp\/v2\/pages\/7152\/revisions"}],"predecessor-version":[{"id":11342,"href":"https:\/\/www.redlinecompany.com\/es\/wp-json\/wp\/v2\/pages\/7152\/revisions\/11342"}],"wp:attachment":[{"href":"https:\/\/www.redlinecompany.com\/es\/wp-json\/wp\/v2\/media?parent=7152"}],"curies":[{"name":"wp","href":"https:\/\/api.w.org\/{rel}","templated":true}]}}