{"id":7145,"date":"2023-10-25T13:57:07","date_gmt":"2023-10-25T11:57:07","guid":{"rendered":"https:\/\/www.redlinecompany.com\/wordpress\/?page_id=7145"},"modified":"2023-11-28T16:37:11","modified_gmt":"2023-11-28T15:37:11","slug":"legal-notification-privacy-policy","status":"publish","type":"page","link":"https:\/\/www.redlinecompany.com\/es\/website-design-terms-and-conditions\/","title":{"rendered":"Website Design Terms and Conditions"},"content":{"rendered":"<div data-elementor-type=\"wp-page\" data-elementor-id=\"7145\" class=\"elementor elementor-7145\" data-elementor-post-type=\"page\">\n\t\t\t\t<div class=\"elementor-element elementor-element-5e6e466 e-flex e-con-boxed elementor-invisible e-con e-parent\" data-id=\"5e6e466\" data-element_type=\"container\" data-e-type=\"container\" data-settings=\"{&quot;animation&quot;:&quot;fadeIn&quot;}\">\n\t\t\t\t\t<div class=\"e-con-inner\">\n\t\t\t\t<div class=\"elementor-element elementor-element-32ec169 elementor-widget elementor-widget-heading\" data-id=\"32ec169\" data-element_type=\"widget\" data-e-type=\"widget\" data-widget_type=\"heading.default\">\n\t\t\t\t<div class=\"elementor-widget-container\">\n\t\t\t\t\t<h1 class=\"elementor-heading-title elementor-size-default\">T\u00c9RMINOS Y CONDICIONES DE DISE\u00d1O WEB<\/h1>\t\t\t\t<\/div>\n\t\t\t\t<\/div>\n\t\t\t\t<div class=\"elementor-element elementor-element-d16fc1c elementor-widget elementor-widget-heading\" data-id=\"d16fc1c\" data-element_type=\"widget\" data-e-type=\"widget\" data-widget_type=\"heading.default\">\n\t\t\t\t<div class=\"elementor-widget-container\">\n\t\t\t\t\t<h2 class=\"elementor-heading-title elementor-size-default\">Resumen, entrega y plazos<\/h2>\t\t\t\t<\/div>\n\t\t\t\t<\/div>\n\t\t\t\t<div class=\"elementor-element elementor-element-1c72f7d elementor-widget elementor-widget-text-editor\" data-id=\"1c72f7d\" data-element_type=\"widget\" data-e-type=\"widget\" data-widget_type=\"text-editor.default\">\n\t\t\t\t<div class=\"elementor-widget-container\">\n\t\t\t\t\t\t\t\t\t<p>El cliente es responsable de proporcionar a Redline Company todos los materiales necesarios para completar la web seg\u00fan el est\u00e1ndar acordado y dentro de los plazos establecidos (excepto en el caso de los clientes con contrato de permanencia, en cuyo caso Redline trabajar\u00e1 con el cliente para producir el contenido y los gr\u00e1ficos necesarios). Redline Company no ser\u00e1 responsable de los costes incurridos, indemnizaciones o lucro cesante debidos al incumplimiento de los plazos acordados.<\/p>\t\t\t\t\t\t\t\t<\/div>\n\t\t\t\t<\/div>\n\t\t\t\t<div class=\"elementor-element elementor-element-d71e04b elementor-widget elementor-widget-heading\" data-id=\"d71e04b\" data-element_type=\"widget\" data-e-type=\"widget\" data-widget_type=\"heading.default\">\n\t\t\t\t<div class=\"elementor-widget-container\">\n\t\t\t\t\t<h2 class=\"elementor-heading-title elementor-size-default\">Control de calidad<\/h2>\t\t\t\t<\/div>\n\t\t\t\t<\/div>\n\t\t\t\t<div class=\"elementor-element elementor-element-de64092 elementor-widget elementor-widget-text-editor\" data-id=\"de64092\" data-element_type=\"widget\" data-e-type=\"widget\" data-widget_type=\"text-editor.default\">\n\t\t\t\t<div class=\"elementor-widget-container\">\n\t\t\t\t\t\t\t\t\t<p>Aunque se har\u00e1 todo lo posible para garantizar que la web y cualquier texto o programa est\u00e9n libres de errores, Redline Company no puede aceptar ninguna responsabilidad por las p\u00e9rdidas sufridas debido al mal funcionamiento de la web o de cualquier parte de la misma.<\/p><p>Redline Company llevar\u00e1 a cabo un control de calidad completo antes de entregar la web al cliente. Es responsabilidad del cliente probar completamente cualquier aplicaci\u00f3n o programaci\u00f3n relacionada con una web desarrollada por Redline Company antes de que se ponga a disposici\u00f3n general para uso p\u00fablico.<\/p><p>En caso de que se detecten \"bugs\", errores u otros problemas despu\u00e9s de la puesta en marcha de la web, Redline Company se esforzar\u00e1 (aunque no est\u00e1 obligada a ello) por corregirlos durante los 3 primeros meses a partir de la puesta en marcha de la web para cumplir con los est\u00e1ndares de funcionamiento descritos en las instrucciones. Redline Company no estar\u00e1 obligada a corregir ning\u00fan problema que pueda haber sido causado por el cliente o por terceros que hayan alterado la codificaci\u00f3n HTML, otros scripts y la programaci\u00f3n.<\/p><p>Redline Company no se hace responsable de las p\u00e9rdidas ocasionadas por el uso de cualquier software creado para el cliente. Aunque se han tomado todas las precauciones posibles para garantizar que los productos no presenten problemas y sean precisos, la responsabilidad \u00faltima recae en el cliente a la hora de garantizar que todo el software funcione correctamente antes de su uso.<\/p>\t\t\t\t\t\t\t\t<\/div>\n\t\t\t\t<\/div>\n\t\t\t\t<div class=\"elementor-element elementor-element-7782ecb elementor-widget elementor-widget-heading\" data-id=\"7782ecb\" data-element_type=\"widget\" data-e-type=\"widget\" data-widget_type=\"heading.default\">\n\t\t\t\t<div class=\"elementor-widget-container\">\n\t\t\t\t\t<h2 class=\"elementor-heading-title elementor-size-default\">Terceras partes<\/h2>\t\t\t\t<\/div>\n\t\t\t\t<\/div>\n\t\t\t\t<div class=\"elementor-element elementor-element-c469aa3 elementor-widget elementor-widget-text-editor\" data-id=\"c469aa3\" data-element_type=\"widget\" data-e-type=\"widget\" data-widget_type=\"text-editor.default\">\n\t\t\t\t<div class=\"elementor-widget-container\">\n\t\t\t\t\t\t\t\t\t<p>Cuando las aplicaciones o las webs se desarrollen en servidores no recomendados por Redline Company, ser\u00e1 responsabilidad del cliente proporcionar o buscar cualquier informaci\u00f3n, soporte de software adicional o cooperaci\u00f3n relativa al servidor para que la aplicaci\u00f3n o el sitio funcionen correctamente.<\/p><p>Redline Company proporcionar\u00e1 al cliente los datos de acceso y las contrase\u00f1as pertinentes. Es responsabilidad del cliente mantener a salvo las contrase\u00f1as y los datos de acceso y no divulgarlos a terceros.<\/p>\t\t\t\t\t\t\t\t<\/div>\n\t\t\t\t<\/div>\n\t\t\t\t<div class=\"elementor-element elementor-element-d059161 elementor-widget elementor-widget-heading\" data-id=\"d059161\" data-element_type=\"widget\" data-e-type=\"widget\" data-widget_type=\"heading.default\">\n\t\t\t\t<div class=\"elementor-widget-container\">\n\t\t\t\t\t<h2 class=\"elementor-heading-title elementor-size-default\">Hackers<\/h2>\t\t\t\t<\/div>\n\t\t\t\t<\/div>\n\t\t\t\t<div class=\"elementor-element elementor-element-2d58d75 elementor-widget elementor-widget-text-editor\" data-id=\"2d58d75\" data-element_type=\"widget\" data-e-type=\"widget\" data-widget_type=\"text-editor.default\">\n\t\t\t\t<div class=\"elementor-widget-container\">\n\t\t\t\t\t\t\t\t\t<p>Redline Company no se hace responsable de las p\u00e9rdidas ocasionadas por la pirater\u00eda inform\u00e1tica. En caso de que una web o base de datos sea pirateado, Redline Company estar\u00e1 disponible para ayudar a proteger el sitio durante el horario normal de oficina de 08.30 a 17.00 de lunes a viernes. En el caso de que haya una explotaci\u00f3n grave y los archivos est\u00e9n gravemente infectados, habr\u00e1 un coste adicional para conseguir que el sitio web vuelva a funcionar, ya que podr\u00edamos tener que reconstruir el sitio si los archivos de la versi\u00f3n de copia de seguridad tambi\u00e9n tienen los archivos hackeados. Este servicio se cobrar\u00e1 a 55 euros por hora.<\/p>\t\t\t\t\t\t\t\t<\/div>\n\t\t\t\t<\/div>\n\t\t\t\t<div class=\"elementor-element elementor-element-cddc7b6 elementor-widget elementor-widget-heading\" data-id=\"cddc7b6\" data-element_type=\"widget\" data-e-type=\"widget\" data-widget_type=\"heading.default\">\n\t\t\t\t<div class=\"elementor-widget-container\">\n\t\t\t\t\t<h2 class=\"elementor-heading-title elementor-size-default\">Transferencia<\/h2>\t\t\t\t<\/div>\n\t\t\t\t<\/div>\n\t\t\t\t<div class=\"elementor-element elementor-element-2058ded elementor-widget elementor-widget-text-editor\" data-id=\"2058ded\" data-element_type=\"widget\" data-e-type=\"widget\" data-widget_type=\"text-editor.default\">\n\t\t\t\t<div class=\"elementor-widget-container\">\n\t\t\t\t\t\t\t\t\t<p>Redline no ser\u00e1 responsable de los costes incurridos, indemnizaciones o p\u00e9rdidas de beneficios debidos a la indisponibilidad de la web, sus servidores, software o cualquier material proporcionado por sus agentes (terceros). Redline no se hace responsable de los problemas o p\u00e9rdidas causados por plugins o actualizaciones realizadas por terceros.<\/p><p>Redline Company proporcionar\u00e1 1 hora de formaci\u00f3n b\u00e1sica a la entrega de cada web incluido en el coste. La formaci\u00f3n b\u00e1sica incluir\u00e1 a) procedimiento de inicio de sesi\u00f3n b) carga de texto c) carga de im\u00e1genes y d) carga de blogs. Cualquier formaci\u00f3n adicional se cobrar\u00e1 a una tarifa horaria de 55\u20ac + IVA.<\/p>\t\t\t\t\t\t\t\t<\/div>\n\t\t\t\t<\/div>\n\t\t\t\t<div class=\"elementor-element elementor-element-087900b elementor-widget elementor-widget-heading\" data-id=\"087900b\" data-element_type=\"widget\" data-e-type=\"widget\" data-widget_type=\"heading.default\">\n\t\t\t\t<div class=\"elementor-widget-container\">\n\t\t\t\t\t<h2 class=\"elementor-heading-title elementor-size-default\">Informaci\u00f3n adicional<\/h2>\t\t\t\t<\/div>\n\t\t\t\t<\/div>\n\t\t\t\t<div class=\"elementor-element elementor-element-031b764 elementor-widget elementor-widget-text-editor\" data-id=\"031b764\" data-element_type=\"widget\" data-e-type=\"widget\" data-widget_type=\"text-editor.default\">\n\t\t\t\t<div class=\"elementor-widget-container\">\n\t\t\t\t\t\t\t\t\t<p>La web, los gr\u00e1ficos y el c\u00f3digo seguir\u00e1n siendo propiedad de Redline Company hasta que se abonen \u00edntegramente todas las cuentas pendientes.<\/p><p>Todas las presentaciones, guiones y programas escritos por Redline Company siguen siendo propiedad intelectual de Redline Company y s\u00f3lo pueden reproducirse y revenderse con el permiso de Redline Company.<\/p>\t\t\t\t\t\t\t\t<\/div>\n\t\t\t\t<\/div>\n\t\t\t\t\t<\/div>\n\t\t\t\t<\/div>\n\t\t\t\t<\/div>","protected":false},"excerpt":{"rendered":"<p>WEBSITE DESIGN TERMS AND CONDITIONS Brief, delivery and deadlines The client is responsible for providing Redline Company with all materials required to complete the site to the agreed standard and within set deadlines (Except for retainer clients, in which case Redline will work with the client to produce the required content and graphics). Redline Company [&hellip;]<\/p>\n","protected":false},"author":1,"featured_media":0,"parent":0,"menu_order":10,"comment_status":"closed","ping_status":"closed","template":"","meta":{"_acf_changed":false,"content-type":"","footnotes":""},"class_list":["post-7145","page","type-page","status-publish","hentry"],"acf":[],"_links":{"self":[{"href":"https:\/\/www.redlinecompany.com\/es\/wp-json\/wp\/v2\/pages\/7145","targetHints":{"allow":["GET"]}}],"collection":[{"href":"https:\/\/www.redlinecompany.com\/es\/wp-json\/wp\/v2\/pages"}],"about":[{"href":"https:\/\/www.redlinecompany.com\/es\/wp-json\/wp\/v2\/types\/page"}],"author":[{"embeddable":true,"href":"https:\/\/www.redlinecompany.com\/es\/wp-json\/wp\/v2\/users\/1"}],"replies":[{"embeddable":true,"href":"https:\/\/www.redlinecompany.com\/es\/wp-json\/wp\/v2\/comments?post=7145"}],"version-history":[{"count":10,"href":"https:\/\/www.redlinecompany.com\/es\/wp-json\/wp\/v2\/pages\/7145\/revisions"}],"predecessor-version":[{"id":9049,"href":"https:\/\/www.redlinecompany.com\/es\/wp-json\/wp\/v2\/pages\/7145\/revisions\/9049"}],"wp:attachment":[{"href":"https:\/\/www.redlinecompany.com\/es\/wp-json\/wp\/v2\/media?parent=7145"}],"curies":[{"name":"wp","href":"https:\/\/api.w.org\/{rel}","templated":true}]}}