{"id":30,"date":"2022-10-31T13:12:55","date_gmt":"2022-10-31T12:12:55","guid":{"rendered":"https:\/\/redline-re.design\/?page_id=30"},"modified":"2025-02-07T16:32:42","modified_gmt":"2025-02-07T15:32:42","slug":"responsabilidad-social-corporativa","status":"publish","type":"page","link":"https:\/\/www.redlinecompany.com\/es\/about-us\/corporate-social-responsibility\/","title":{"rendered":"Responsabilidad Social Corporativa"},"content":{"rendered":"<div data-elementor-type=\"wp-page\" data-elementor-id=\"30\" class=\"elementor elementor-30\" data-elementor-post-type=\"page\">\n\t\t\t\t<div class=\"elementor-element elementor-element-f4d0886 e-flex e-con-boxed elementor-invisible e-con e-parent\" data-id=\"f4d0886\" data-element_type=\"container\" data-e-type=\"container\" data-settings=\"{&quot;animation&quot;:&quot;fadeIn&quot;}\">\n\t\t\t\t\t<div class=\"e-con-inner\">\n\t\t<div class=\"elementor-element elementor-element-991b60c e-con-full e-flex e-con e-child\" data-id=\"991b60c\" data-element_type=\"container\" data-e-type=\"container\">\n\t\t\t\t<div class=\"elementor-element elementor-element-0568901 elementor-widget elementor-widget-heading\" data-id=\"0568901\" data-element_type=\"widget\" data-e-type=\"widget\" data-widget_type=\"heading.default\">\n\t\t\t\t<div class=\"elementor-widget-container\">\n\t\t\t\t\t<h1 class=\"elementor-heading-title elementor-size-default\">RESPONSABILIDAD SOCIAL CORPORATIVA<\/h1>\t\t\t\t<\/div>\n\t\t\t\t<\/div>\n\t\t\t\t<div class=\"elementor-element elementor-element-5628b39 elementor-widget__width-initial elementor-widget elementor-widget-heading\" data-id=\"5628b39\" data-element_type=\"widget\" data-e-type=\"widget\" data-widget_type=\"heading.default\">\n\t\t\t\t<div class=\"elementor-widget-container\">\n\t\t\t\t\t<h2 class=\"elementor-heading-title elementor-size-default\">LA AGENCIA CON UN GRAN CORAZ\u00d3N<\/h2>\t\t\t\t<\/div>\n\t\t\t\t<\/div>\n\t\t\t\t<div class=\"elementor-element elementor-element-ace398c elementor-widget elementor-widget-text-editor\" data-id=\"ace398c\" data-element_type=\"widget\" data-e-type=\"widget\" data-widget_type=\"text-editor.default\">\n\t\t\t\t<div class=\"elementor-widget-container\">\n\t\t\t\t\t\t\t\t\t<p>\"Me siento orgullosa de poder contribuir y ayudar a estas causas a trav\u00e9s de mi profesi\u00f3n\", dice Line Lyster, directora de Redline Company. \"Creo que es importante ser un miembro activo en la comunidad y, ciertamente, el equipo de Redline se esfuerza por prestar ayuda y colaborar en lo que pueda\". Redline a lo largo de su historia, ha participado en muchos, y diversos, proyectos ben\u00e9ficos.<\/p><p class=\"translation-block\">Operating under the slogan, \u201cthe agency with the big heart\u201d, Redline takes its commitment to Corporate Social Responsibility seriously. We believe that it is important to participate in the community and help its less fortunate members. Whenever possible we offer assistance to international and local charity organisations, either by contributing financially via schemes like the <a href=\"https:\/\/www.savethechildren.net\/\" target=\"_blank\" rel=\"noopener\">\u2018Save the Children Club 1000\u2019<\/a> or providing marketing services to charities such as <a href=\"https:\/\/www.tripleamarbella.org\/\" target=\"_blank\" rel=\"noopener\">\u2018Triple A\u2019<\/a> or running competitions to give a bespoke website to help the local community, to name but a few.<\/p>\t\t\t\t\t\t\t\t<\/div>\n\t\t\t\t<\/div>\n\t\t\t\t<\/div>\n\t\t<div class=\"elementor-element elementor-element-694dc32 e-con-full e-flex e-con e-child\" data-id=\"694dc32\" data-element_type=\"container\" data-e-type=\"container\">\n\t\t\t\t<div class=\"elementor-element elementor-element-49ee331 elementor-widget elementor-widget-video\" data-id=\"49ee331\" data-element_type=\"widget\" data-e-type=\"widget\" data-settings=\"{&quot;youtube_url&quot;:&quot;https:\\\/\\\/www.youtube.com\\\/watch?v=NZzVvthO_iU&quot;,&quot;video_type&quot;:&quot;youtube&quot;,&quot;controls&quot;:&quot;yes&quot;}\" data-widget_type=\"video.default\">\n\t\t\t\t<div class=\"elementor-widget-container\">\n\t\t\t\t\t<style>.elementor-element-49ee331{display:none !important}<\/style>\t\t\t\t<\/div>\n\t\t\t\t<\/div>\n\t\t\t\t<div class=\"elementor-element elementor-element-55f9a97 elementor-widget elementor-widget-video\" data-id=\"55f9a97\" data-element_type=\"widget\" data-e-type=\"widget\" data-settings=\"{&quot;youtube_url&quot;:&quot;https:\\\/\\\/www.youtube.com\\\/watch?v=QMQEDmMI810&quot;,&quot;video_type&quot;:&quot;youtube&quot;,&quot;controls&quot;:&quot;yes&quot;}\" data-no-translation=\"\" data-widget_type=\"video.default\">\n\t\t\t\t<div class=\"elementor-widget-container\">\n\t\t\t\t\t\t\t<div class=\"elementor-wrapper elementor-open-inline\">\n\t\t\t<div class=\"elementor-video\"><\/div>\t\t<\/div>\n\t\t\t\t\t\t<\/div>\n\t\t\t\t<\/div>\n\t\t\t\t<\/div>\n\t\t\t\t\t<\/div>\n\t\t\t\t<\/div>\n\t\t<div class=\"elementor-element elementor-element-ade143d e-flex e-con-boxed elementor-invisible e-con e-parent\" data-id=\"ade143d\" data-element_type=\"container\" data-e-type=\"container\" data-settings=\"{&quot;animation&quot;:&quot;fadeIn&quot;}\">\n\t\t\t\t\t<div class=\"e-con-inner\">\n\t\t<div class=\"elementor-element elementor-element-ecf1c0a e-con-full e-flex e-con e-child\" data-id=\"ecf1c0a\" data-element_type=\"container\" data-e-type=\"container\">\n\t\t\t\t<div class=\"elementor-element elementor-element-cefd089 elementor-widget__width-initial elementor-widget elementor-widget-image\" data-id=\"cefd089\" data-element_type=\"widget\" data-e-type=\"widget\" data-widget_type=\"image.default\">\n\t\t\t\t<div class=\"elementor-widget-container\">\n\t\t\t\t\t\t\t\t\t\t\t\t\t\t\t<img fetchpriority=\"high\" decoding=\"async\" width=\"488\" height=\"600\" src=\"https:\/\/www.redlinecompany.com\/wp-content\/uploads\/2023\/10\/Line-angel-1.jpg\" class=\"attachment-full size-full wp-image-8498\" alt=\"\" srcset=\"https:\/\/www.redlinecompany.com\/wp-content\/uploads\/2023\/10\/Line-angel-1.jpg 488w, https:\/\/www.redlinecompany.com\/wp-content\/uploads\/2023\/10\/Line-angel-1-244x300.jpg 244w, https:\/\/www.redlinecompany.com\/wp-content\/uploads\/2023\/10\/Line-angel-1-10x12.jpg 10w\" sizes=\"(max-width: 488px) 100vw, 488px\" \/>\t\t\t\t\t\t\t\t\t\t\t\t\t\t\t<\/div>\n\t\t\t\t<\/div>\n\t\t\t\t<\/div>\n\t\t<div class=\"elementor-element elementor-element-ebb701f e-con-full e-flex e-con e-child\" data-id=\"ebb701f\" data-element_type=\"container\" data-e-type=\"container\">\n\t\t\t\t<div class=\"elementor-element elementor-element-17d6bdb elementor-widget__width-initial elementor-widget elementor-widget-heading\" data-id=\"17d6bdb\" data-element_type=\"widget\" data-e-type=\"widget\" data-widget_type=\"heading.default\">\n\t\t\t\t<div class=\"elementor-widget-container\">\n\t\t\t\t\t<h2 class=\"elementor-heading-title elementor-size-default\">SAVE THE CHILDREN CLUB 1000<\/h2>\t\t\t\t<\/div>\n\t\t\t\t<\/div>\n\t\t\t\t<div class=\"elementor-element elementor-element-acf7a4a elementor-widget elementor-widget-text-editor\" data-id=\"acf7a4a\" data-element_type=\"widget\" data-e-type=\"widget\" data-widget_type=\"text-editor.default\">\n\t\t\t\t<div class=\"elementor-widget-container\">\n\t\t\t\t\t\t\t\t\t<p>La conexi\u00f3n de Redline con las organizaciones ben\u00e9ficas infantiles se remonta a varios a\u00f1os atr\u00e1s. Siempre hemos tratado de ayudar en lo que hemos podido, inicialmente proporcionando servicios de dise\u00f1o gr\u00e1fico de forma gratuita y, a medida que la agencia ha crecido, hemos aumentado nuestra contribuci\u00f3n a estas causas ben\u00e9ficas. En 2014, nos unimos al programa corporativo Save the Children Club 1000, comprometi\u00e9ndonos a una suma fija cada a\u00f1o, lo que permite a la organizaci\u00f3n ben\u00e9fica seguir trabajando en sus proyectos.<\/p><p>Elegimos a Save the Children por varias razones; esta organizaci\u00f3n ayuda a millones de ni\u00f1os desfavorecidos de todo el mundo ofreci\u00e9ndoles la oportunidad de tener una vida mejor. Adem\u00e1s, la gesti\u00f3n de sus recursos es muy buena y todos sus proyectos son fundamentales para mejorar la vida de los ni\u00f1os o, incluso, para salvarla. Si t\u00fa deseas contribuir con Save the Children, visita su web en <a href=\"https:\/\/www.savethechildren.net\/\" target=\"_blank\" rel=\"noopener\">www.savethechildren.net<\/a><\/p>\t\t\t\t\t\t\t\t<\/div>\n\t\t\t\t<\/div>\n\t\t\t\t<div class=\"elementor-element elementor-element-d0ce08b elementor-widget__width-initial elementor-widget elementor-widget-heading\" data-id=\"d0ce08b\" data-element_type=\"widget\" data-e-type=\"widget\" data-widget_type=\"heading.default\">\n\t\t\t\t<div class=\"elementor-widget-container\">\n\t\t\t\t\t<h2 class=\"elementor-heading-title elementor-size-default\">RESCATE DE ANIMALES 'TRIPLE A'<\/h2>\t\t\t\t<\/div>\n\t\t\t\t<\/div>\n\t\t\t\t<div class=\"elementor-element elementor-element-8063e8d elementor-widget elementor-widget-text-editor\" data-id=\"8063e8d\" data-element_type=\"widget\" data-e-type=\"widget\" data-widget_type=\"text-editor.default\">\n\t\t\t\t<div class=\"elementor-widget-container\">\n\t\t\t\t\t\t\t\t\t<p>En 2014, Redline tambi\u00e9n colabor\u00f3 con Triple A dise\u00f1ando una l\u00ednea de productos de merchandising para vender y poder recaudar as\u00ed dinero para esta organizaci\u00f3n ben\u00e9fica, que se dedica a ayudar a animales abandonados y ejecutar programas de esterilizaci\u00f3n.<\/p><p>El primer art\u00edculo de merchandising fue una bolsa de tela con un eslogan simple pero impactante, \"Vive, Ama, Adopta\", adem\u00e1s del dise\u00f1o de un cachorro con un pa\u00f1uelo muy gracioso. Como las bolsas tuvieron tanto \u00e9xito dise\u00f1amos de manera gratuita unas camisetas, as\u00ed Redline ampli\u00f3 de manera gratuita la variedad de productos de merchandising de Triple A. <\/p>\t\t\t\t\t\t\t\t<\/div>\n\t\t\t\t<\/div>\n\t\t\t\t<\/div>\n\t\t\t\t\t<\/div>\n\t\t\t\t<\/div>\n\t\t<div class=\"elementor-element elementor-element-deb4fd7 e-flex e-con-boxed e-con e-parent\" data-id=\"deb4fd7\" data-element_type=\"container\" data-e-type=\"container\">\n\t\t\t\t\t<div class=\"e-con-inner\">\n\t\t\t\t<div class=\"elementor-element elementor-element-25464c1 elementor-skin-carousel elementor-arrows-yes elementor-widget elementor-widget-media-carousel\" data-id=\"25464c1\" data-element_type=\"widget\" data-e-type=\"widget\" data-settings=\"{&quot;slides_per_view&quot;:&quot;4&quot;,&quot;slides_per_view_tablet&quot;:&quot;3&quot;,&quot;slides_per_view_mobile&quot;:&quot;1&quot;,&quot;skin&quot;:&quot;carousel&quot;,&quot;effect&quot;:&quot;slide&quot;,&quot;show_arrows&quot;:&quot;yes&quot;,&quot;speed&quot;:500,&quot;autoplay&quot;:&quot;yes&quot;,&quot;autoplay_speed&quot;:5000,&quot;loop&quot;:&quot;yes&quot;,&quot;pause_on_interaction&quot;:&quot;yes&quot;,&quot;space_between&quot;:{&quot;unit&quot;:&quot;px&quot;,&quot;size&quot;:10,&quot;sizes&quot;:[]},&quot;space_between_tablet&quot;:{&quot;unit&quot;:&quot;px&quot;,&quot;size&quot;:10,&quot;sizes&quot;:[]},&quot;space_between_mobile&quot;:{&quot;unit&quot;:&quot;px&quot;,&quot;size&quot;:10,&quot;sizes&quot;:[]}}\" data-widget_type=\"media-carousel.default\">\n\t\t\t\t<div class=\"elementor-widget-container\">\n\t\t\t\t\t\t\t\t\t<div class=\"elementor-swiper\">\n\t\t\t\t\t<div class=\"elementor-main-swiper swiper\" role=\"region\" aria-roledescription=\"carousel\" aria-label=\"Dias (slides)\" data-no-translation-aria-label=\"\">\n\t\t\t\t<div class=\"swiper-wrapper\">\n\t\t\t\t\t\t\t\t\t\t\t<div class=\"swiper-slide\" role=\"group\" aria-roledescription=\"slide\">\n\t\t\t\t\t\t\t<a href=\"https:\/\/adana.es\/\" target=\"_blank\" rel=\"noopener\">\t\t<div class=\"elementor-carousel-image\" role=\"img\" aria-label=\"Adana\" style=\"background-image: url(&#039;https:\/\/www.redlinecompany.com\/wp-content\/uploads\/2025\/01\/Adana.webp&#039;)\">\n\n\t\t\t\n\t\t\t\t\t<\/div>\n\t\t<\/a>\t\t\t\t\t\t<\/div>\n\t\t\t\t\t\t\t\t\t\t\t<div class=\"swiper-slide\" role=\"group\" aria-roledescription=\"slide\">\n\t\t\t\t\t\t\t<a href=\"https:\/\/www.savethechildren.net\/\" target=\"_blank\" rel=\"noopener\">\t\t<div class=\"elementor-carousel-image\" role=\"img\" aria-label=\"club1000\" style=\"background-image: url(&#039;https:\/\/www.redlinecompany.com\/wp-content\/uploads\/2023\/05\/club1000.jpg&#039;)\">\n\n\t\t\t\n\t\t\t\t\t<\/div>\n\t\t<\/a>\t\t\t\t\t\t<\/div>\n\t\t\t\t\t\t\t\t\t\t\t<div class=\"swiper-slide\" role=\"group\" aria-roledescription=\"slide\">\n\t\t\t\t\t\t\t<a href=\"https:\/\/www.redlinecompany.com\/wp-content\/uploads\/2023\/03\/logotipo.jpg\" target=\"_blank\" rel=\"noopener\">\t\t<div class=\"elementor-carousel-image\" role=\"img\" aria-label=\"Logo Triple A - Redline Company\" style=\"background-image: url(&#039;https:\/\/www.redlinecompany.com\/wp-content\/uploads\/2023\/03\/logotipo.jpg&#039;)\">\n\n\t\t\t\n\t\t\t\t\t<\/div>\n\t\t<\/a>\t\t\t\t\t\t<\/div>\n\t\t\t\t\t\t\t\t\t\t\t<div class=\"swiper-slide\" role=\"group\" aria-roledescription=\"slide\">\n\t\t\t\t\t\t\t<a href=\"https:\/\/www.redlinecompany.com\/wp-content\/uploads\/2023\/03\/logotipo.jpg\" target=\"_blank\" rel=\"noopener\">\t\t<div class=\"elementor-carousel-image\" role=\"img\" aria-label=\"logo_children_for_peace\" style=\"background-image: url(&#039;https:\/\/www.redlinecompany.com\/wp-content\/uploads\/2023\/05\/logo_children_for_peace.png&#039;)\">\n\n\t\t\t\n\t\t\t\t\t<\/div>\n\t\t<\/a>\t\t\t\t\t\t<\/div>\n\t\t\t\t\t\t\t\t\t\t\t<div class=\"swiper-slide\" role=\"group\" aria-roledescription=\"slide\">\n\t\t\t\t\t\t\t<a href=\"https:\/\/www.bioparcfuengirola.es\/\" target=\"_blank\" rel=\"noopener\">\t\t<div class=\"elementor-carousel-image\" role=\"img\" aria-label=\"fundacion_bioparc_190x84\" style=\"background-image: url(&#039;https:\/\/www.redlinecompany.com\/wp-content\/uploads\/2023\/12\/fundacion_bioparc_190x84.jpg&#039;)\">\n\n\t\t\t\n\t\t\t\t\t<\/div>\n\t\t<\/a>\t\t\t\t\t\t<\/div>\n\t\t\t\t\t\t\t\t\t\t\t<div class=\"swiper-slide\" role=\"group\" aria-roledescription=\"slide\">\n\t\t\t\t\t\t\t<a href=\"https:\/\/www.sheldrickwildlifetrust.org\/\" target=\"_blank\" rel=\"noopener\">\t\t<div class=\"elementor-carousel-image\" role=\"img\" aria-label=\"dswt-logo-145x145\" style=\"background-image: url(&#039;https:\/\/www.redlinecompany.com\/wp-content\/uploads\/2023\/12\/dswt-logo-145x145-1.png&#039;)\">\n\n\t\t\t\n\t\t\t\t\t<\/div>\n\t\t<\/a>\t\t\t\t\t\t<\/div>\n\t\t\t\t\t\t\t\t\t\t\t<div class=\"swiper-slide\" role=\"group\" aria-roledescription=\"slide\">\n\t\t\t\t\t\t\t<a href=\"https:\/\/high5girls.dk\/index.php\/en\/high5girls-english\/\" target=\"_blank\" rel=\"noopener\">\t\t<div class=\"elementor-carousel-image\" role=\"img\" aria-label=\"High5Girls-logo\" style=\"background-image: url(&#039;https:\/\/www.redlinecompany.com\/wp-content\/uploads\/2023\/12\/High5Girls-logo.png&#039;)\">\n\n\t\t\t\n\t\t\t\t\t<\/div>\n\t\t<\/a>\t\t\t\t\t\t<\/div>\n\t\t\t\t\t\t\t\t\t<\/div>\n\t\t\t\t\t\t\t\t\t\t\t\t\t\t\t<div class=\"elementor-swiper-button elementor-swiper-button-prev\" role=\"button\" tabindex=\"0\" aria-label=\"Tidligere\" data-no-translation-aria-label=\"\">\n\t\t\t\t\t\t\t<i aria-hidden=\"true\" class=\"eicon-chevron-left\"><\/i>\t\t\t\t\t\t<\/div>\n\t\t\t\t\t\t<div class=\"elementor-swiper-button elementor-swiper-button-next\" role=\"button\" tabindex=\"0\" aria-label=\"N\u00e6ste\" data-no-translation-aria-label=\"\">\n\t\t\t\t\t\t\t<i aria-hidden=\"true\" class=\"eicon-chevron-right\"><\/i>\t\t\t\t\t\t<\/div>\n\t\t\t\t\t\t\t\t\t\t\t\t\t\t\t\t\t<\/div>\n\t\t\t\t<\/div>\n\t\t\t\t\t\t\t\t<\/div>\n\t\t\t\t<\/div>\n\t\t\t\t\t<\/div>\n\t\t\t\t<\/div>\n\t\t<div class=\"elementor-element elementor-element-d6c9a63 e-con-full e-flex elementor-invisible e-con e-parent\" data-id=\"d6c9a63\" data-element_type=\"container\" data-e-type=\"container\" data-settings=\"{&quot;background_background&quot;:&quot;classic&quot;,&quot;animation&quot;:&quot;fadeIn&quot;}\">\n\t\t\t\t<div class=\"elementor-element elementor-element-3834ce6 elementor-widget elementor-widget-heading\" data-id=\"3834ce6\" data-element_type=\"widget\" data-e-type=\"widget\" data-widget_type=\"heading.default\">\n\t\t\t\t<div class=\"elementor-widget-container\">\n\t\t\t\t\t<h2 class=\"elementor-heading-title elementor-size-default\">PERO, AH\u00cd NO ACABA TODO, REDLINE APOYA OTRAS CAUSAS, COMO POR EJEMPLO:\n<\/h2>\t\t\t\t<\/div>\n\t\t\t\t<\/div>\n\t\t\t\t<div class=\"elementor-element elementor-element-e6a8141 elementor-widget__width-initial elementor-widget elementor-widget-text-editor\" data-id=\"e6a8141\" data-element_type=\"widget\" data-e-type=\"widget\" data-widget_type=\"text-editor.default\">\n\t\t\t\t<div class=\"elementor-widget-container\">\n\t\t\t\t\t\t\t\t\t<ul><li><strong>Caras Felices:<\/strong> Recaudaci\u00f3n de fondos en un acto organizado por Business First. Organizaci\u00f3n con sede en Marbella que recauda fondos para que los ni\u00f1os puedan operarse de paladar hendido.<\/li><li class=\"translation-block\"><strong>UK based charity The Safe House<\/strong>, which needed a logo and came to us for help.<\/li><li class=\"translation-block\"><strong>Living Well Marbella:<\/strong> Redline produced a website for a local exhibition featuring TV doctor Hillary Jones for an exhibition in aid of Meningitis UK.<\/li><li class=\"translation-block\"><strong>Children for Peace:<\/strong> Design their invitation and tickets for an event. This charity is recognised by UNESCO for its work helping children gain an education in Africa.<\/li><li class=\"translation-block\"><strong>Arte Marbella:<\/strong> Designed the logo, festival programme and website and arranging printing.<\/li><li class=\"translation-block\"><strong>Sheldrick Wildlife Trust (SWT) Orphan Project:<\/strong> Redline adopted 18 elephants in 2022, one for each year of Redline\u2019s service.<\/li><\/ul>\t\t\t\t\t\t\t\t<\/div>\n\t\t\t\t<\/div>\n\t\t\t\t<\/div>\n\t\t<div class=\"elementor-element elementor-element-4a73ab3 e-flex e-con-boxed e-con e-parent\" data-id=\"4a73ab3\" data-element_type=\"container\" data-e-type=\"container\">\n\t\t\t\t\t<div class=\"e-con-inner\">\n\t\t\t\t<div class=\"elementor-element elementor-element-961a8df elementor-widget elementor-widget-shortcode\" data-id=\"961a8df\" data-element_type=\"widget\" data-e-type=\"widget\" data-widget_type=\"shortcode.default\">\n\t\t\t\t<div class=\"elementor-widget-container\">\n\t\t\t\t\t\t\t<div class=\"elementor-shortcode\">\t\t<div data-elementor-type=\"section\" data-elementor-id=\"7489\" class=\"elementor elementor-7489\" data-elementor-post-type=\"elementor_library\">\n\t\t\t<div class=\"elementor-element elementor-element-f03b539 e-con-full e-flex elementor-invisible e-con e-parent\" data-id=\"f03b539\" data-element_type=\"container\" data-e-type=\"container\" data-settings=\"{&quot;animation&quot;:&quot;fadeIn&quot;,&quot;animation_delay&quot;:300}\">\n\t\t\t\t<div class=\"elementor-element elementor-element-f05446d elementor-widget elementor-widget-image\" data-id=\"f05446d\" data-element_type=\"widget\" data-e-type=\"widget\" data-settings=\"{&quot;_animation&quot;:&quot;none&quot;,&quot;_animation_delay&quot;:0}\" data-widget_type=\"image.default\">\n\t\t\t\t<div class=\"elementor-widget-container\">\n\t\t\t\t\t\t\t\t\t\t\t\t\t\t\t<img decoding=\"async\" width=\"1536\" height=\"586\" src=\"https:\/\/www.redlinecompany.com\/wp-content\/uploads\/2023\/07\/Portfolio_animals_1536x586.png\" class=\"attachment-full size-full wp-image-2220\" alt=\"\" srcset=\"https:\/\/www.redlinecompany.com\/wp-content\/uploads\/2023\/07\/Portfolio_animals_1536x586.png 1536w, https:\/\/www.redlinecompany.com\/wp-content\/uploads\/2023\/07\/Portfolio_animals_1536x586-300x114.png 300w, https:\/\/www.redlinecompany.com\/wp-content\/uploads\/2023\/07\/Portfolio_animals_1536x586-1024x391.png 1024w, https:\/\/www.redlinecompany.com\/wp-content\/uploads\/2023\/07\/Portfolio_animals_1536x586-768x293.png 768w\" sizes=\"(max-width: 1536px) 100vw, 1536px\" \/>\t\t\t\t\t\t\t\t\t\t\t\t\t\t\t<\/div>\n\t\t\t\t<\/div>\n\t\t\t\t<\/div>\n\t\t<div class=\"elementor-element elementor-element-ec34703 animated-fast e-flex e-con-boxed elementor-invisible e-con e-parent\" data-id=\"ec34703\" data-element_type=\"container\" data-e-type=\"container\" data-settings=\"{&quot;background_background&quot;:&quot;classic&quot;,&quot;animation&quot;:&quot;fadeIn&quot;}\">\n\t\t\t\t\t<div class=\"e-con-inner\">\n\t\t\t\t<div class=\"elementor-element elementor-element-5a28369 elementor-widget elementor-widget-text-editor\" data-id=\"5a28369\" data-element_type=\"widget\" data-e-type=\"widget\" data-widget_type=\"text-editor.default\">\n\t\t\t\t<div class=\"elementor-widget-container\">\n\t\t\t\t\t\t\t\t\t<p>Echa un vistazo a nuestro portafolio y descubre c\u00f3mo hemos elevado las marcas de nuestros clientes al siguiente nivel.<\/p>\t\t\t\t\t\t\t\t<\/div>\n\t\t\t\t<\/div>\n\t\t\t\t<div class=\"elementor-element elementor-element-be2e0aa elementor-align-center elementor-mobile-align-center elementor-tablet-align-center elementor-widget elementor-widget-button\" data-id=\"be2e0aa\" data-element_type=\"widget\" data-e-type=\"widget\" data-no-translation=\"\" data-widget_type=\"button.default\">\n\t\t\t\t<div class=\"elementor-widget-container\">\n\t\t\t\t\t<style>.elementor-element-be2e0aa{display:none !important}<\/style>\t\t\t\t<\/div>\n\t\t\t\t<\/div>\n\t\t\t\t<div class=\"elementor-element elementor-element-41dcd12 elementor-align-center elementor-mobile-align-center elementor-tablet-align-center elementor-widget elementor-widget-button\" data-id=\"41dcd12\" data-element_type=\"widget\" data-e-type=\"widget\" data-no-translation=\"\" data-widget_type=\"button.default\">\n\t\t\t\t<div class=\"elementor-widget-container\">\n\t\t\t\t\t\t\t\t\t<div class=\"elementor-button-wrapper\">\n\t\t\t\t\t<a class=\"elementor-button elementor-button-link elementor-size-sm\" href=\"https:\/\/www.redlinecompany.com\/new-portfolio\/es\/\" target=\"_blank\">\n\t\t\t\t\t\t<span class=\"elementor-button-content-wrapper\">\n\t\t\t\t\t\t\t\t\t<span class=\"elementor-button-text\">EXPLORA NUESTRO PORTAFOLIO<\/span>\n\t\t\t\t\t<\/span>\n\t\t\t\t\t<\/a>\n\t\t\t\t<\/div>\n\t\t\t\t\t\t\t\t<\/div>\n\t\t\t\t<\/div>\n\t\t\t\t<div class=\"elementor-element elementor-element-fac680c elementor-align-center elementor-mobile-align-center elementor-tablet-align-center elementor-widget elementor-widget-button\" data-id=\"fac680c\" data-element_type=\"widget\" data-e-type=\"widget\" data-no-translation=\"\" data-widget_type=\"button.default\">\n\t\t\t\t<div class=\"elementor-widget-container\">\n\t\t\t\t\t<style>.elementor-element-fac680c{display:none !important}<\/style>\t\t\t\t<\/div>\n\t\t\t\t<\/div>\n\t\t\t\t\t<\/div>\n\t\t\t\t<\/div>\n\t\t\t\t<\/div>\n\t\t<\/div>\n\t\t\t\t\t\t<\/div>\n\t\t\t\t<\/div>\n\t\t\t\t\t<\/div>\n\t\t\t\t<\/div>\n\t\t\t\t<\/div>","protected":false},"excerpt":{"rendered":"<p>CORPORATE SOCIAL RESPONSIBILITY THE AGENCY WITH THE BIG HEART \u201cI feel proud to be able to contribute and help these causes through my profession,\u201d says Line Lyster, director of Redline Company. \u201cI think it is important to be active within the community and certainly the Redline team strives to be of assistance and help where [&hellip;]<\/p>\n","protected":false},"author":1,"featured_media":0,"parent":23,"menu_order":3,"comment_status":"closed","ping_status":"closed","template":"","meta":{"_acf_changed":false,"content-type":"","footnotes":""},"class_list":["post-30","page","type-page","status-publish","hentry"],"acf":[],"_links":{"self":[{"href":"https:\/\/www.redlinecompany.com\/es\/wp-json\/wp\/v2\/pages\/30","targetHints":{"allow":["GET"]}}],"collection":[{"href":"https:\/\/www.redlinecompany.com\/es\/wp-json\/wp\/v2\/pages"}],"about":[{"href":"https:\/\/www.redlinecompany.com\/es\/wp-json\/wp\/v2\/types\/page"}],"author":[{"embeddable":true,"href":"https:\/\/www.redlinecompany.com\/es\/wp-json\/wp\/v2\/users\/1"}],"replies":[{"embeddable":true,"href":"https:\/\/www.redlinecompany.com\/es\/wp-json\/wp\/v2\/comments?post=30"}],"version-history":[{"count":10,"href":"https:\/\/www.redlinecompany.com\/es\/wp-json\/wp\/v2\/pages\/30\/revisions"}],"predecessor-version":[{"id":14771,"href":"https:\/\/www.redlinecompany.com\/es\/wp-json\/wp\/v2\/pages\/30\/revisions\/14771"}],"up":[{"embeddable":true,"href":"https:\/\/www.redlinecompany.com\/es\/wp-json\/wp\/v2\/pages\/23"}],"wp:attachment":[{"href":"https:\/\/www.redlinecompany.com\/es\/wp-json\/wp\/v2\/media?parent=30"}],"curies":[{"name":"wp","href":"https:\/\/api.w.org\/{rel}","templated":true}]}}