{"id":4300,"date":"2023-09-18T13:25:33","date_gmt":"2023-09-18T11:25:33","guid":{"rendered":"https:\/\/redline-re.design\/?page_id=4300"},"modified":"2024-08-22T12:10:24","modified_gmt":"2024-08-22T10:10:24","slug":"payments","status":"publish","type":"page","link":"https:\/\/www.redlinecompany.com\/da\/payments\/","title":{"rendered":"Betalingsmuligheder"},"content":{"rendered":"<div data-elementor-type=\"wp-page\" data-elementor-id=\"4300\" class=\"elementor elementor-4300\" data-elementor-post-type=\"page\">\n\t\t\t\t<div class=\"elementor-element elementor-element-d90041b e-flex e-con-boxed elementor-invisible e-con e-parent\" data-id=\"d90041b\" data-element_type=\"container\" data-e-type=\"container\" data-settings=\"{&quot;animation&quot;:&quot;fadeIn&quot;}\">\n\t\t\t\t\t<div class=\"e-con-inner\">\n\t\t<div class=\"elementor-element elementor-element-3909ba6 e-con-full e-flex e-con e-child\" data-id=\"3909ba6\" data-element_type=\"container\" data-e-type=\"container\">\n\t\t\t\t<div class=\"elementor-element elementor-element-ec0cb41 elementor-widget elementor-widget-heading\" data-id=\"ec0cb41\" data-element_type=\"widget\" data-e-type=\"widget\" data-widget_type=\"heading.default\">\n\t\t\t\t<div class=\"elementor-widget-container\">\n\t\t\t\t\t<h1 class=\"elementor-heading-title elementor-size-default\">PAYMENTS<\/h1>\t\t\t\t<\/div>\n\t\t\t\t<\/div>\n\t\t\t\t<\/div>\n\t\t<div class=\"elementor-element elementor-element-5d6efb1 e-con-full e-flex e-con e-child\" data-id=\"5d6efb1\" data-element_type=\"container\" data-e-type=\"container\">\n\t\t\t\t<div class=\"elementor-element elementor-element-eedec57 elementor-widget elementor-widget-text-editor\" data-id=\"eedec57\" data-element_type=\"widget\" data-e-type=\"widget\" data-widget_type=\"text-editor.default\">\n\t\t\t\t<div class=\"elementor-widget-container\">\n\t\t\t\t\t\t\t\t\t<p>To make a payment online to Redline Company, please fill in the correct amount and click \u201cPayment\u201d.<\/p><p>You will be directed to Redline\u2019s PayPal account. Here you can pay with credit cards or via your PayPal account if you have one.<\/p><p>If you have a PayPal account you need to fill in your PayPal details under: Identif\u00edquese en PayPal with your Correo electr\u00f3nico (email) and Contrase\u00f1a (password).<\/p><p>Thank you.<\/p>\t\t\t\t\t\t\t\t<\/div>\n\t\t\t\t<\/div>\n\t\t\t\t<\/div>\n\t\t<div class=\"elementor-element elementor-element-301dab9 e-con-full e-flex e-con e-child\" data-id=\"301dab9\" data-element_type=\"container\" data-e-type=\"container\">\n\t\t\t\t<div class=\"elementor-element elementor-element-8d3bfd9 elementor-widget elementor-widget-html\" data-id=\"8d3bfd9\" data-element_type=\"widget\" data-e-type=\"widget\" data-widget_type=\"html.default\">\n\t\t\t\t<div class=\"elementor-widget-container\">\n\t\t\t\t\t<form action=\"https:\/\/www.paypal.com\/cgi-bin\/webscr\" method=\"post\" id=\"paypalForm\" target=\"_blank\">\r\n\r\n    <!-- Identify your business so that you can collect the payments. -->\r\n    <input type=\"hidden\" name=\"business\" value=\"line@redlinecompany.com\">\r\n    <input type=\"hidden\" name=\"hosted_button_id\" value=\"FW3CJT9MAJ4YG\">\r\n\r\n    <!-- Specify a Donate button. -->\r\n    <input type=\"hidden\" name=\"cmd\" value=\"_xclick\">\r\n\r\n    <div class=\"input-group txt-cntr\">\r\n        <!-- Specify details about the contribution -->\r\n        <input type=\"hidden\" name=\"item_name\" value=\"\">\r\n        <input type=\"hidden\" name=\"item_number\" value=\"\">\r\n        <!--<span id=\"donate_symbol_currency\">\u20ac <\/span>-->\r\n        <div class=\"wraper-amount\">\r\n            <input type=\"text\" name=\"amount\" placeholder=\"Amount:\" value=\"\" class=\"form-control mth-input-inline\">\r\n        <\/div>\r\n        <span id=\"donate_symbol_currency\">\u20ac <\/span>\r\n        <input type=\"hidden\" name=\"currency_code\" value=\"EUR\">\r\n\r\n        <!-- Display the payment button. -->\r\n        <br>\r\n        <input type=\"submit\" name=\"submit\" border=\"0\" class=\"btn\" value=\"PAYMENT\" >\r\n    <\/div>\r\n\r\n<\/form>\t\t\t\t<\/div>\n\t\t\t\t<\/div>\n\t\t\t\t<div class=\"elementor-element elementor-element-9e4f577 elementor-widget elementor-widget-image\" data-id=\"9e4f577\" data-element_type=\"widget\" data-e-type=\"widget\" data-widget_type=\"image.default\">\n\t\t\t\t<div class=\"elementor-widget-container\">\n\t\t\t\t\t\t\t\t\t\t\t\t\t\t\t<img decoding=\"async\" src=\"https:\/\/www.redlinecompany.com\/wp-content\/uploads\/2023\/09\/payment-methods.svg\" class=\"attachment-full size-full wp-image-5001\" alt=\"\" \/>\t\t\t\t\t\t\t\t\t\t\t\t\t\t\t<\/div>\n\t\t\t\t<\/div>\n\t\t\t\t<\/div>\n\t\t\t\t\t<\/div>\n\t\t\t\t<\/div>\n\t\t<div class=\"elementor-element elementor-element-288be0d e-flex e-con-boxed e-con e-parent\" data-id=\"288be0d\" data-element_type=\"container\" data-e-type=\"container\">\n\t\t\t\t\t<div class=\"e-con-inner\">\n\t\t\t\t<div class=\"elementor-element elementor-element-dcfd1a1 elementor-widget elementor-widget-shortcode\" data-id=\"dcfd1a1\" data-element_type=\"widget\" data-e-type=\"widget\" data-widget_type=\"shortcode.default\">\n\t\t\t\t<div class=\"elementor-widget-container\">\n\t\t\t\t\t\t\t<div class=\"elementor-shortcode\">\t\t<div data-elementor-type=\"section\" data-elementor-id=\"7489\" class=\"elementor elementor-7489\" data-elementor-post-type=\"elementor_library\">\n\t\t\t<div class=\"elementor-element elementor-element-f03b539 e-con-full e-flex elementor-invisible e-con e-parent\" data-id=\"f03b539\" data-element_type=\"container\" data-e-type=\"container\" data-settings=\"{&quot;animation&quot;:&quot;fadeIn&quot;,&quot;animation_delay&quot;:300}\">\n\t\t\t\t<div class=\"elementor-element elementor-element-f05446d elementor-widget elementor-widget-image\" data-id=\"f05446d\" data-element_type=\"widget\" data-e-type=\"widget\" data-settings=\"{&quot;_animation&quot;:&quot;none&quot;,&quot;_animation_delay&quot;:0}\" data-widget_type=\"image.default\">\n\t\t\t\t<div class=\"elementor-widget-container\">\n\t\t\t\t\t\t\t\t\t\t\t\t\t\t\t<img fetchpriority=\"high\" decoding=\"async\" width=\"1536\" height=\"586\" src=\"https:\/\/www.redlinecompany.com\/wp-content\/uploads\/2023\/07\/Portfolio_animals_1536x586.png\" class=\"attachment-full size-full wp-image-2220\" alt=\"\" srcset=\"https:\/\/www.redlinecompany.com\/wp-content\/uploads\/2023\/07\/Portfolio_animals_1536x586.png 1536w, https:\/\/www.redlinecompany.com\/wp-content\/uploads\/2023\/07\/Portfolio_animals_1536x586-300x114.png 300w, https:\/\/www.redlinecompany.com\/wp-content\/uploads\/2023\/07\/Portfolio_animals_1536x586-1024x391.png 1024w, https:\/\/www.redlinecompany.com\/wp-content\/uploads\/2023\/07\/Portfolio_animals_1536x586-768x293.png 768w\" sizes=\"(max-width: 1536px) 100vw, 1536px\" \/>\t\t\t\t\t\t\t\t\t\t\t\t\t\t\t<\/div>\n\t\t\t\t<\/div>\n\t\t\t\t<\/div>\n\t\t<div class=\"elementor-element elementor-element-ec34703 animated-fast e-flex e-con-boxed elementor-invisible e-con e-parent\" data-id=\"ec34703\" data-element_type=\"container\" data-e-type=\"container\" data-settings=\"{&quot;background_background&quot;:&quot;classic&quot;,&quot;animation&quot;:&quot;fadeIn&quot;}\">\n\t\t\t\t\t<div class=\"e-con-inner\">\n\t\t\t\t<div class=\"elementor-element elementor-element-5a28369 elementor-widget elementor-widget-text-editor\" data-id=\"5a28369\" data-element_type=\"widget\" data-e-type=\"widget\" data-widget_type=\"text-editor.default\">\n\t\t\t\t<div class=\"elementor-widget-container\">\n\t\t\t\t\t\t\t\t\t<p>Tag et kig i vores portef\u00f8lje og f\u00e5 indsigt i, hvordan vi lykkes med at styrke kundernes forretning.<\/p>\t\t\t\t\t\t\t\t<\/div>\n\t\t\t\t<\/div>\n\t\t\t\t<div class=\"elementor-element elementor-element-be2e0aa elementor-align-center elementor-mobile-align-center elementor-tablet-align-center elementor-widget elementor-widget-button\" data-id=\"be2e0aa\" data-element_type=\"widget\" data-e-type=\"widget\" data-no-translation=\"\" data-widget_type=\"button.default\">\n\t\t\t\t<div class=\"elementor-widget-container\">\n\t\t\t\t\t<style>.elementor-element-be2e0aa{display:none !important}<\/style>\t\t\t\t<\/div>\n\t\t\t\t<\/div>\n\t\t\t\t<div class=\"elementor-element elementor-element-41dcd12 elementor-align-center elementor-mobile-align-center elementor-tablet-align-center elementor-widget elementor-widget-button\" data-id=\"41dcd12\" data-element_type=\"widget\" data-e-type=\"widget\" data-no-translation=\"\" data-widget_type=\"button.default\">\n\t\t\t\t<div class=\"elementor-widget-container\">\n\t\t\t\t\t<style>.elementor-element-41dcd12{display:none !important}<\/style>\t\t\t\t<\/div>\n\t\t\t\t<\/div>\n\t\t\t\t<div class=\"elementor-element elementor-element-fac680c elementor-align-center elementor-mobile-align-center elementor-tablet-align-center elementor-widget elementor-widget-button\" data-id=\"fac680c\" data-element_type=\"widget\" data-e-type=\"widget\" data-no-translation=\"\" data-widget_type=\"button.default\">\n\t\t\t\t<div class=\"elementor-widget-container\">\n\t\t\t\t\t\t\t\t\t<div class=\"elementor-button-wrapper\">\n\t\t\t\t\t<a class=\"elementor-button elementor-button-link elementor-size-sm\" href=\"https:\/\/www.redlinecompany.com\/new-portfolio\/\" target=\"_blank\">\n\t\t\t\t\t\t<span class=\"elementor-button-content-wrapper\">\n\t\t\t\t\t\t\t\t\t<span class=\"elementor-button-text\">G\u00c5 P\u00c5 OPDAGELSE I VORES PORTEF\u00d8LJE<\/span>\n\t\t\t\t\t<\/span>\n\t\t\t\t\t<\/a>\n\t\t\t\t<\/div>\n\t\t\t\t\t\t\t\t<\/div>\n\t\t\t\t<\/div>\n\t\t\t\t\t<\/div>\n\t\t\t\t<\/div>\n\t\t\t\t<\/div>\n\t\t<\/div>\n\t\t\t\t\t\t<\/div>\n\t\t\t\t<\/div>\n\t\t\t\t\t<\/div>\n\t\t\t\t<\/div>\n\t\t\t\t<\/div>","protected":false},"excerpt":{"rendered":"<p>PAYMENTS To make a payment online to Redline Company, please fill in the correct amount and click \u201cPayment\u201d. You will be directed to Redline\u2019s PayPal account. Here you can pay with credit cards or via your PayPal account if you have one. If you have a PayPal account you need to fill in your PayPal [&hellip;]<\/p>\n","protected":false},"author":1,"featured_media":0,"parent":0,"menu_order":6,"comment_status":"closed","ping_status":"closed","template":"","meta":{"_acf_changed":false,"content-type":"","footnotes":""},"class_list":["post-4300","page","type-page","status-publish","hentry"],"acf":[],"_links":{"self":[{"href":"https:\/\/www.redlinecompany.com\/da\/wp-json\/wp\/v2\/pages\/4300","targetHints":{"allow":["GET"]}}],"collection":[{"href":"https:\/\/www.redlinecompany.com\/da\/wp-json\/wp\/v2\/pages"}],"about":[{"href":"https:\/\/www.redlinecompany.com\/da\/wp-json\/wp\/v2\/types\/page"}],"author":[{"embeddable":true,"href":"https:\/\/www.redlinecompany.com\/da\/wp-json\/wp\/v2\/users\/1"}],"replies":[{"embeddable":true,"href":"https:\/\/www.redlinecompany.com\/da\/wp-json\/wp\/v2\/comments?post=4300"}],"version-history":[{"count":11,"href":"https:\/\/www.redlinecompany.com\/da\/wp-json\/wp\/v2\/pages\/4300\/revisions"}],"predecessor-version":[{"id":12829,"href":"https:\/\/www.redlinecompany.com\/da\/wp-json\/wp\/v2\/pages\/4300\/revisions\/12829"}],"wp:attachment":[{"href":"https:\/\/www.redlinecompany.com\/da\/wp-json\/wp\/v2\/media?parent=4300"}],"curies":[{"name":"wp","href":"https:\/\/api.w.org\/{rel}","templated":true}]}}