{"id":30,"date":"2022-10-31T13:12:55","date_gmt":"2022-10-31T12:12:55","guid":{"rendered":"https:\/\/redline-re.design\/?page_id=30"},"modified":"2025-02-07T16:32:42","modified_gmt":"2025-02-07T15:32:42","slug":"corporate-social-responsibility","status":"publish","type":"page","link":"https:\/\/www.redlinecompany.com\/da\/about-us\/corporate-social-responsibility\/","title":{"rendered":"Virksomheders sociale ansvar (CSR)"},"content":{"rendered":"<div data-elementor-type=\"wp-page\" data-elementor-id=\"30\" class=\"elementor elementor-30\" data-elementor-post-type=\"page\">\n\t\t\t\t<div class=\"elementor-element elementor-element-f4d0886 e-flex e-con-boxed elementor-invisible e-con e-parent\" data-id=\"f4d0886\" data-element_type=\"container\" data-e-type=\"container\" data-settings=\"{&quot;animation&quot;:&quot;fadeIn&quot;}\">\n\t\t\t\t\t<div class=\"e-con-inner\">\n\t\t<div class=\"elementor-element elementor-element-991b60c e-con-full e-flex e-con e-child\" data-id=\"991b60c\" data-element_type=\"container\" data-e-type=\"container\">\n\t\t\t\t<div class=\"elementor-element elementor-element-0568901 elementor-widget elementor-widget-heading\" data-id=\"0568901\" data-element_type=\"widget\" data-e-type=\"widget\" data-widget_type=\"heading.default\">\n\t\t\t\t<div class=\"elementor-widget-container\">\n\t\t\t\t\t<h1 class=\"elementor-heading-title elementor-size-default\">VIRKSOMHEDERS SOCIALE ANSVAR<\/h1>\t\t\t\t<\/div>\n\t\t\t\t<\/div>\n\t\t\t\t<div class=\"elementor-element elementor-element-5628b39 elementor-widget__width-initial elementor-widget elementor-widget-heading\" data-id=\"5628b39\" data-element_type=\"widget\" data-e-type=\"widget\" data-widget_type=\"heading.default\">\n\t\t\t\t<div class=\"elementor-widget-container\">\n\t\t\t\t\t<h2 class=\"elementor-heading-title elementor-size-default\">VI HAR HJERTET P\u00c5 DET RETTE STED<\/h2>\t\t\t\t<\/div>\n\t\t\t\t<\/div>\n\t\t\t\t<div class=\"elementor-element elementor-element-ace398c elementor-widget elementor-widget-text-editor\" data-id=\"ace398c\" data-element_type=\"widget\" data-e-type=\"widget\" data-widget_type=\"text-editor.default\">\n\t\t\t\t<div class=\"elementor-widget-container\">\n\t\t\t\t\t\t\t\t\t<p>\"\"Jeg er stolt af at bidrage til disse projekter gennem mit arbejde,\"\" siger Line Lyster, direkt\u00f8r for Redline Company. \"\"Jeg mener, det er vigtigt at v\u00e6re aktiv i lokalsamfundet, og Redline-teamet str\u00e6ber bestemt efter at hj\u00e6lpe, hvor det er muligt.\"\" Redline har i mange \u00e5r v\u00e6ret involveret i velg\u00f8rende projekter i lokalsamfundet.\"<\/p><p class=\"translation-block\">Under sloganet \"bureauet med det store hjerte\" tager Redline sit engagement i Corporate Social Responsibility alvorligt. \nVi \u00f8nsker at deltage i lokalsamfundet og hj\u00e6lpe, hvor der er brug for det.  Vi st\u00f8tter internationale og lokale velg\u00f8renhedsorganisationer. Det g\u00f8r vi enten ved at bidrage \u00f8konomisk gennem ordninger som <a href=\"https:\/\/www.savethechildren.net\/\" target=\"_blank\">Save the Children Club 1000'<\/a>, eller ved at levere markedsf\u00f8ringstjenester til velg\u00f8renhedsorganisationer som \u2018Triple A\u2019. Derudover afholder vi konkurrencer, hvor vi tilbyder f.eks. en skr\u00e6ddersyet hjemmeside til et samfundsgavnligt projekt. Det er kun fantasien som s\u00e6tter gr\u00e6nser.<\/p>\t\t\t\t\t\t\t\t<\/div>\n\t\t\t\t<\/div>\n\t\t\t\t<\/div>\n\t\t<div class=\"elementor-element elementor-element-694dc32 e-con-full e-flex e-con e-child\" data-id=\"694dc32\" data-element_type=\"container\" data-e-type=\"container\">\n\t\t\t\t<div class=\"elementor-element elementor-element-49ee331 elementor-widget elementor-widget-video\" data-id=\"49ee331\" data-element_type=\"widget\" data-e-type=\"widget\" data-settings=\"{&quot;youtube_url&quot;:&quot;https:\\\/\\\/www.youtube.com\\\/watch?v=NZzVvthO_iU&quot;,&quot;video_type&quot;:&quot;youtube&quot;,&quot;controls&quot;:&quot;yes&quot;}\" data-widget_type=\"video.default\">\n\t\t\t\t<div class=\"elementor-widget-container\">\n\t\t\t\t\t\t\t<div class=\"elementor-wrapper elementor-open-inline\">\n\t\t\t<div class=\"elementor-video\"><\/div>\t\t<\/div>\n\t\t\t\t\t\t<\/div>\n\t\t\t\t<\/div>\n\t\t\t\t<div class=\"elementor-element elementor-element-55f9a97 elementor-widget elementor-widget-video\" data-id=\"55f9a97\" data-element_type=\"widget\" data-e-type=\"widget\" data-settings=\"{&quot;youtube_url&quot;:&quot;https:\\\/\\\/www.youtube.com\\\/watch?v=QMQEDmMI810&quot;,&quot;video_type&quot;:&quot;youtube&quot;,&quot;controls&quot;:&quot;yes&quot;}\" data-no-translation=\"\" data-widget_type=\"video.default\">\n\t\t\t\t<div class=\"elementor-widget-container\">\n\t\t\t\t\t<style>.elementor-element-55f9a97{display:none !important}<\/style>\t\t\t\t<\/div>\n\t\t\t\t<\/div>\n\t\t\t\t<\/div>\n\t\t\t\t\t<\/div>\n\t\t\t\t<\/div>\n\t\t<div class=\"elementor-element elementor-element-ade143d e-flex e-con-boxed elementor-invisible e-con e-parent\" data-id=\"ade143d\" data-element_type=\"container\" data-e-type=\"container\" data-settings=\"{&quot;animation&quot;:&quot;fadeIn&quot;}\">\n\t\t\t\t\t<div class=\"e-con-inner\">\n\t\t<div class=\"elementor-element elementor-element-ecf1c0a e-con-full e-flex e-con e-child\" data-id=\"ecf1c0a\" data-element_type=\"container\" data-e-type=\"container\">\n\t\t\t\t<div class=\"elementor-element elementor-element-cefd089 elementor-widget__width-initial elementor-widget elementor-widget-image\" data-id=\"cefd089\" data-element_type=\"widget\" data-e-type=\"widget\" data-widget_type=\"image.default\">\n\t\t\t\t<div class=\"elementor-widget-container\">\n\t\t\t\t\t\t\t\t\t\t\t\t\t\t\t<img fetchpriority=\"high\" decoding=\"async\" width=\"488\" height=\"600\" src=\"https:\/\/www.redlinecompany.com\/wp-content\/uploads\/2023\/10\/Line-angel-1.jpg\" class=\"attachment-full size-full wp-image-8498\" alt=\"\" srcset=\"https:\/\/www.redlinecompany.com\/wp-content\/uploads\/2023\/10\/Line-angel-1.jpg 488w, https:\/\/www.redlinecompany.com\/wp-content\/uploads\/2023\/10\/Line-angel-1-244x300.jpg 244w, https:\/\/www.redlinecompany.com\/wp-content\/uploads\/2023\/10\/Line-angel-1-10x12.jpg 10w\" sizes=\"(max-width: 488px) 100vw, 488px\" \/>\t\t\t\t\t\t\t\t\t\t\t\t\t\t\t<\/div>\n\t\t\t\t<\/div>\n\t\t\t\t<\/div>\n\t\t<div class=\"elementor-element elementor-element-ebb701f e-con-full e-flex e-con e-child\" data-id=\"ebb701f\" data-element_type=\"container\" data-e-type=\"container\">\n\t\t\t\t<div class=\"elementor-element elementor-element-17d6bdb elementor-widget__width-initial elementor-widget elementor-widget-heading\" data-id=\"17d6bdb\" data-element_type=\"widget\" data-e-type=\"widget\" data-widget_type=\"heading.default\">\n\t\t\t\t<div class=\"elementor-widget-container\">\n\t\t\t\t\t<h2 class=\"elementor-heading-title elementor-size-default\">FASTE DONATIONER TIL RED BARNET \"SAVE THE CHILDREN CLUB 1000\"<\/h2>\t\t\t\t<\/div>\n\t\t\t\t<\/div>\n\t\t\t\t<div class=\"elementor-element elementor-element-acf7a4a elementor-widget elementor-widget-text-editor\" data-id=\"acf7a4a\" data-element_type=\"widget\" data-e-type=\"widget\" data-widget_type=\"text-editor.default\">\n\t\t\t\t<div class=\"elementor-widget-container\">\n\t\t\t\t\t\t\t\t\t<p>Redlines forbindelse til velg\u00f8renhedsorganisationer for b\u00f8rn g\u00e5r flere \u00e5r tilbage. Vi har altid fors\u00f8gt at hj\u00e6lpe, hvor vi kan, og startede med at tilbyde grafiske designtjenester gratis. Som bureauet er vokset, har vi \u00f8get vores bidrag. I 2014 tilmeldte vi os Save the Children Club 1000\u2019s erhvervsprogram, hvor vi forpligtede os til at donere et fast bel\u00f8b hvert \u00e5r. Det giver velg\u00f8renhedsorganisationen mulighed for at forts\u00e6tte deres fantastiske arbejde.<\/p><p>Vi v\u00e6lger at st\u00f8tte Red Barnet af flere grunde. \nOrganisationen er med til at give de millioner af udsatte b\u00f8rn rundt om i verden chancen for et bedre liv. \nVi kan f\u00f8lge med i, hvordan pengene fordeles og s\u00e6tter is\u00e6r pris p\u00e5 at alle projekter er designet til at yde livreddende bistand. Hvis du ogs\u00e5 gerne vil bidrage til Red Barnet, s\u00e5 bes\u00f8g hjemmesiden p\u00e5 <a href=\"https:\/\/www.savethechildren.net\/\" target=\"_blank\" rel=\"noopener\">www.savethechildren.net<\/a><\/p>\t\t\t\t\t\t\t\t<\/div>\n\t\t\t\t<\/div>\n\t\t\t\t<div class=\"elementor-element elementor-element-d0ce08b elementor-widget__width-initial elementor-widget elementor-widget-heading\" data-id=\"d0ce08b\" data-element_type=\"widget\" data-e-type=\"widget\" data-widget_type=\"heading.default\">\n\t\t\t\t<div class=\"elementor-widget-container\">\n\t\t\t\t\t<h2 class=\"elementor-heading-title elementor-size-default\">\u2018TRIPLE A\u2019 ANIMAL RESCUE<\/h2>\t\t\t\t<\/div>\n\t\t\t\t<\/div>\n\t\t\t\t<div class=\"elementor-element elementor-element-8063e8d elementor-widget elementor-widget-text-editor\" data-id=\"8063e8d\" data-element_type=\"widget\" data-e-type=\"widget\" data-widget_type=\"text-editor.default\">\n\t\t\t\t<div class=\"elementor-widget-container\">\n\t\t\t\t\t\t\t\t\t<p>I 2014 indgik Redline et samarbejde med Triple A. Vi designede en r\u00e6kke merchandise, som bidrager til pengeindsamlingen til efterladte dyr og sundhedsfremmende programmer.<\/p><p>Til Triple A designede Redline en vareserie med bl.a. en stoftaske med det enkle, men kraftfulde slogan \"Live, Love, Adopt\" sammen med en fr\u00e6k hvalp if\u00f8rt bandana. Da taskerne var et s\u00e5 stort hit, blev sortimentet udvidet til at omfatte T-shirts, hvor Redline igen leverede designet gratis. Alt sammen for at indsamle endnu flere penge til det gode form\u00e5l. <\/p>\t\t\t\t\t\t\t\t<\/div>\n\t\t\t\t<\/div>\n\t\t\t\t<\/div>\n\t\t\t\t\t<\/div>\n\t\t\t\t<\/div>\n\t\t<div class=\"elementor-element elementor-element-deb4fd7 e-flex e-con-boxed e-con e-parent\" data-id=\"deb4fd7\" data-element_type=\"container\" data-e-type=\"container\">\n\t\t\t\t\t<div class=\"e-con-inner\">\n\t\t\t\t<div class=\"elementor-element elementor-element-25464c1 elementor-skin-carousel elementor-arrows-yes elementor-widget elementor-widget-media-carousel\" data-id=\"25464c1\" data-element_type=\"widget\" data-e-type=\"widget\" data-settings=\"{&quot;slides_per_view&quot;:&quot;4&quot;,&quot;slides_per_view_tablet&quot;:&quot;3&quot;,&quot;slides_per_view_mobile&quot;:&quot;1&quot;,&quot;skin&quot;:&quot;carousel&quot;,&quot;effect&quot;:&quot;slide&quot;,&quot;show_arrows&quot;:&quot;yes&quot;,&quot;speed&quot;:500,&quot;autoplay&quot;:&quot;yes&quot;,&quot;autoplay_speed&quot;:5000,&quot;loop&quot;:&quot;yes&quot;,&quot;pause_on_interaction&quot;:&quot;yes&quot;,&quot;space_between&quot;:{&quot;unit&quot;:&quot;px&quot;,&quot;size&quot;:10,&quot;sizes&quot;:[]},&quot;space_between_tablet&quot;:{&quot;unit&quot;:&quot;px&quot;,&quot;size&quot;:10,&quot;sizes&quot;:[]},&quot;space_between_mobile&quot;:{&quot;unit&quot;:&quot;px&quot;,&quot;size&quot;:10,&quot;sizes&quot;:[]}}\" data-widget_type=\"media-carousel.default\">\n\t\t\t\t<div class=\"elementor-widget-container\">\n\t\t\t\t\t\t\t\t\t<div class=\"elementor-swiper\">\n\t\t\t\t\t<div class=\"elementor-main-swiper swiper\" role=\"region\" aria-roledescription=\"carousel\" aria-label=\"Slides\">\n\t\t\t\t<div class=\"swiper-wrapper\">\n\t\t\t\t\t\t\t\t\t\t\t<div class=\"swiper-slide\" role=\"group\" aria-roledescription=\"slide\">\n\t\t\t\t\t\t\t<a href=\"https:\/\/adana.es\/\" target=\"_blank\" rel=\"noopener\">\t\t<div class=\"elementor-carousel-image\" role=\"img\" aria-label=\"Adana\" style=\"background-image: url(&#039;https:\/\/www.redlinecompany.com\/wp-content\/uploads\/2025\/01\/Adana.webp&#039;)\">\n\n\t\t\t\n\t\t\t\t\t<\/div>\n\t\t<\/a>\t\t\t\t\t\t<\/div>\n\t\t\t\t\t\t\t\t\t\t\t<div class=\"swiper-slide\" role=\"group\" aria-roledescription=\"slide\">\n\t\t\t\t\t\t\t<a href=\"https:\/\/www.savethechildren.net\/\" target=\"_blank\" rel=\"noopener\">\t\t<div class=\"elementor-carousel-image\" role=\"img\" aria-label=\"club1000\" style=\"background-image: url(&#039;https:\/\/www.redlinecompany.com\/wp-content\/uploads\/2023\/05\/club1000.jpg&#039;)\">\n\n\t\t\t\n\t\t\t\t\t<\/div>\n\t\t<\/a>\t\t\t\t\t\t<\/div>\n\t\t\t\t\t\t\t\t\t\t\t<div class=\"swiper-slide\" role=\"group\" aria-roledescription=\"slide\">\n\t\t\t\t\t\t\t<a href=\"https:\/\/www.tripleamarbella.org\/\" target=\"_blank\" rel=\"noopener\">\t\t<div class=\"elementor-carousel-image\" role=\"img\" aria-label=\"Logo Triple A - Redline Company\" style=\"background-image: url(&#039;https:\/\/www.redlinecompany.com\/wp-content\/uploads\/2023\/03\/logotipo.jpg&#039;)\">\n\n\t\t\t\n\t\t\t\t\t<\/div>\n\t\t<\/a>\t\t\t\t\t\t<\/div>\n\t\t\t\t\t\t\t\t\t\t\t<div class=\"swiper-slide\" role=\"group\" aria-roledescription=\"slide\">\n\t\t\t\t\t\t\t<a href=\"https:\/\/www.tripleamarbella.org\/\" target=\"_blank\" rel=\"noopener\">\t\t<div class=\"elementor-carousel-image\" role=\"img\" aria-label=\"logo_children_for_peace\" style=\"background-image: url(&#039;https:\/\/www.redlinecompany.com\/wp-content\/uploads\/2023\/05\/logo_children_for_peace.png&#039;)\">\n\n\t\t\t\n\t\t\t\t\t<\/div>\n\t\t<\/a>\t\t\t\t\t\t<\/div>\n\t\t\t\t\t\t\t\t\t\t\t<div class=\"swiper-slide\" role=\"group\" aria-roledescription=\"slide\">\n\t\t\t\t\t\t\t<a href=\"https:\/\/www.bioparcfuengirola.es\/\" target=\"_blank\" rel=\"noopener\">\t\t<div class=\"elementor-carousel-image\" role=\"img\" aria-label=\"fundacion_bioparc_190x84\" style=\"background-image: url(&#039;https:\/\/www.redlinecompany.com\/wp-content\/uploads\/2023\/12\/fundacion_bioparc_190x84.jpg&#039;)\">\n\n\t\t\t\n\t\t\t\t\t<\/div>\n\t\t<\/a>\t\t\t\t\t\t<\/div>\n\t\t\t\t\t\t\t\t\t\t\t<div class=\"swiper-slide\" role=\"group\" aria-roledescription=\"slide\">\n\t\t\t\t\t\t\t<a href=\"https:\/\/www.sheldrickwildlifetrust.org\/\" target=\"_blank\" rel=\"noopener\">\t\t<div class=\"elementor-carousel-image\" role=\"img\" aria-label=\"dswt-logo-145x145\" style=\"background-image: url(&#039;https:\/\/www.redlinecompany.com\/wp-content\/uploads\/2023\/12\/dswt-logo-145x145-1.png&#039;)\">\n\n\t\t\t\n\t\t\t\t\t<\/div>\n\t\t<\/a>\t\t\t\t\t\t<\/div>\n\t\t\t\t\t\t\t\t\t\t\t<div class=\"swiper-slide\" role=\"group\" aria-roledescription=\"slide\">\n\t\t\t\t\t\t\t<a href=\"https:\/\/high5girls.dk\/index.php\/en\/high5girls-english\/\" target=\"_blank\" rel=\"noopener\">\t\t<div class=\"elementor-carousel-image\" role=\"img\" aria-label=\"High5Girls-logo\" style=\"background-image: url(&#039;https:\/\/www.redlinecompany.com\/wp-content\/uploads\/2023\/12\/High5Girls-logo.png&#039;)\">\n\n\t\t\t\n\t\t\t\t\t<\/div>\n\t\t<\/a>\t\t\t\t\t\t<\/div>\n\t\t\t\t\t\t\t\t\t<\/div>\n\t\t\t\t\t\t\t\t\t\t\t\t\t\t\t<div class=\"elementor-swiper-button elementor-swiper-button-prev\" role=\"button\" tabindex=\"0\" aria-label=\"Previous\">\n\t\t\t\t\t\t\t<i aria-hidden=\"true\" class=\"eicon-chevron-left\"><\/i>\t\t\t\t\t\t<\/div>\n\t\t\t\t\t\t<div class=\"elementor-swiper-button elementor-swiper-button-next\" role=\"button\" tabindex=\"0\" aria-label=\"Next\">\n\t\t\t\t\t\t\t<i aria-hidden=\"true\" class=\"eicon-chevron-right\"><\/i>\t\t\t\t\t\t<\/div>\n\t\t\t\t\t\t\t\t\t\t\t\t\t\t\t\t\t<\/div>\n\t\t\t\t<\/div>\n\t\t\t\t\t\t\t\t<\/div>\n\t\t\t\t<\/div>\n\t\t\t\t\t<\/div>\n\t\t\t\t<\/div>\n\t\t<div class=\"elementor-element elementor-element-d6c9a63 e-con-full e-flex elementor-invisible e-con e-parent\" data-id=\"d6c9a63\" data-element_type=\"container\" data-e-type=\"container\" data-settings=\"{&quot;background_background&quot;:&quot;classic&quot;,&quot;animation&quot;:&quot;fadeIn&quot;}\">\n\t\t\t\t<div class=\"elementor-element elementor-element-3834ce6 elementor-widget elementor-widget-heading\" data-id=\"3834ce6\" data-element_type=\"widget\" data-e-type=\"widget\" data-widget_type=\"heading.default\">\n\t\t\t\t<div class=\"elementor-widget-container\">\n\t\t\t\t\t<h2 class=\"elementor-heading-title elementor-size-default\">SE HVILKE ANDRE PROJEKTER REDLINE ST\u00d8TTER:\n<\/h2>\t\t\t\t<\/div>\n\t\t\t\t<\/div>\n\t\t\t\t<div class=\"elementor-element elementor-element-e6a8141 elementor-widget__width-initial elementor-widget elementor-widget-text-editor\" data-id=\"e6a8141\" data-element_type=\"widget\" data-e-type=\"widget\" data-widget_type=\"text-editor.default\">\n\t\t\t\t<div class=\"elementor-widget-container\">\n\t\t\t\t\t\t\t\t\t<ul><li><strong>Caras Felices:<\/strong> Indsamlede penge til Business First. \nEn organisation i Marbella, som hj\u00e6lper med at b\u00f8rn f\u00e5r mulighed for at modtage en ganespalteoperation.<\/li><li class=\"translation-block\">Velg\u00f8renhedsorganisation <strong>The Safe House fra UK<\/strong> rakte ud til os. Vi var glade for at kunne hj\u00e6lpe dem med et professionelt designet logo.<\/li><li class=\"translation-block\">Redline bidrog med en website til<strong> Living Well Marbella, <\/strong> hvor TV doctor Hillary Jones taler om hj\u00e6lp til  meningitis i UK.<\/li><li class=\"translation-block\"><strong>Children for Peace:<\/strong> er anerkendt af UNESCO for dets arbejde med at hj\u00e6lpe b\u00f8rn med at f\u00e5 en uddannelse i Afrika. Vi var begejstrede over at kunne hj\u00e6lpe ved at designe deres invitation og billetter til en begivenhed.<\/li><li class=\"translation-block\">Til <strong>Arte Marbella <\/strong>har vi designet logo, festivalprogram, print og website<\/li><li class=\"translation-block\">Da Redline fyldte 18 \u00e5r, adopterede vi 18 for\u00e6ldrel\u00f8se elefanter hos organisationen <strong> Sheldrick Wildlife  <\/strong>Trust (SWT). En gave for alle parter.<\/li><\/ul>\t\t\t\t\t\t\t\t<\/div>\n\t\t\t\t<\/div>\n\t\t\t\t<\/div>\n\t\t<div class=\"elementor-element elementor-element-4a73ab3 e-flex e-con-boxed e-con e-parent\" data-id=\"4a73ab3\" data-element_type=\"container\" data-e-type=\"container\">\n\t\t\t\t\t<div class=\"e-con-inner\">\n\t\t\t\t<div class=\"elementor-element elementor-element-961a8df elementor-widget elementor-widget-shortcode\" data-id=\"961a8df\" data-element_type=\"widget\" data-e-type=\"widget\" data-widget_type=\"shortcode.default\">\n\t\t\t\t<div class=\"elementor-widget-container\">\n\t\t\t\t\t\t\t<div class=\"elementor-shortcode\">\t\t<div data-elementor-type=\"section\" data-elementor-id=\"7489\" class=\"elementor elementor-7489\" data-elementor-post-type=\"elementor_library\">\n\t\t\t<div class=\"elementor-element elementor-element-f03b539 e-con-full e-flex elementor-invisible e-con e-parent\" data-id=\"f03b539\" data-element_type=\"container\" data-e-type=\"container\" data-settings=\"{&quot;animation&quot;:&quot;fadeIn&quot;,&quot;animation_delay&quot;:300}\">\n\t\t\t\t<div class=\"elementor-element elementor-element-f05446d elementor-widget elementor-widget-image\" data-id=\"f05446d\" data-element_type=\"widget\" data-e-type=\"widget\" data-settings=\"{&quot;_animation&quot;:&quot;none&quot;,&quot;_animation_delay&quot;:0}\" data-widget_type=\"image.default\">\n\t\t\t\t<div class=\"elementor-widget-container\">\n\t\t\t\t\t\t\t\t\t\t\t\t\t\t\t<img decoding=\"async\" width=\"1536\" height=\"586\" src=\"https:\/\/www.redlinecompany.com\/wp-content\/uploads\/2023\/07\/Portfolio_animals_1536x586.png\" class=\"attachment-full size-full wp-image-2220\" alt=\"\" srcset=\"https:\/\/www.redlinecompany.com\/wp-content\/uploads\/2023\/07\/Portfolio_animals_1536x586.png 1536w, https:\/\/www.redlinecompany.com\/wp-content\/uploads\/2023\/07\/Portfolio_animals_1536x586-300x114.png 300w, https:\/\/www.redlinecompany.com\/wp-content\/uploads\/2023\/07\/Portfolio_animals_1536x586-1024x391.png 1024w, https:\/\/www.redlinecompany.com\/wp-content\/uploads\/2023\/07\/Portfolio_animals_1536x586-768x293.png 768w\" sizes=\"(max-width: 1536px) 100vw, 1536px\" \/>\t\t\t\t\t\t\t\t\t\t\t\t\t\t\t<\/div>\n\t\t\t\t<\/div>\n\t\t\t\t<\/div>\n\t\t<div class=\"elementor-element elementor-element-ec34703 animated-fast e-flex e-con-boxed elementor-invisible e-con e-parent\" data-id=\"ec34703\" data-element_type=\"container\" data-e-type=\"container\" data-settings=\"{&quot;background_background&quot;:&quot;classic&quot;,&quot;animation&quot;:&quot;fadeIn&quot;}\">\n\t\t\t\t\t<div class=\"e-con-inner\">\n\t\t\t\t<div class=\"elementor-element elementor-element-5a28369 elementor-widget elementor-widget-text-editor\" data-id=\"5a28369\" data-element_type=\"widget\" data-e-type=\"widget\" data-widget_type=\"text-editor.default\">\n\t\t\t\t<div class=\"elementor-widget-container\">\n\t\t\t\t\t\t\t\t\t<p>Tag et kig i vores portef\u00f8lje og f\u00e5 indsigt i, hvordan vi lykkes med at styrke kundernes forretning.<\/p>\t\t\t\t\t\t\t\t<\/div>\n\t\t\t\t<\/div>\n\t\t\t\t<div class=\"elementor-element elementor-element-be2e0aa elementor-align-center elementor-mobile-align-center elementor-tablet-align-center elementor-widget elementor-widget-button\" data-id=\"be2e0aa\" data-element_type=\"widget\" data-e-type=\"widget\" data-no-translation=\"\" data-widget_type=\"button.default\">\n\t\t\t\t<div class=\"elementor-widget-container\">\n\t\t\t\t\t<style>.elementor-element-be2e0aa{display:none !important}<\/style>\t\t\t\t<\/div>\n\t\t\t\t<\/div>\n\t\t\t\t<div class=\"elementor-element elementor-element-41dcd12 elementor-align-center elementor-mobile-align-center elementor-tablet-align-center elementor-widget elementor-widget-button\" data-id=\"41dcd12\" data-element_type=\"widget\" data-e-type=\"widget\" data-no-translation=\"\" data-widget_type=\"button.default\">\n\t\t\t\t<div class=\"elementor-widget-container\">\n\t\t\t\t\t<style>.elementor-element-41dcd12{display:none !important}<\/style>\t\t\t\t<\/div>\n\t\t\t\t<\/div>\n\t\t\t\t<div class=\"elementor-element elementor-element-fac680c elementor-align-center elementor-mobile-align-center elementor-tablet-align-center elementor-widget elementor-widget-button\" data-id=\"fac680c\" data-element_type=\"widget\" data-e-type=\"widget\" data-no-translation=\"\" data-widget_type=\"button.default\">\n\t\t\t\t<div class=\"elementor-widget-container\">\n\t\t\t\t\t\t\t\t\t<div class=\"elementor-button-wrapper\">\n\t\t\t\t\t<a class=\"elementor-button elementor-button-link elementor-size-sm\" href=\"https:\/\/www.redlinecompany.com\/new-portfolio\/\" target=\"_blank\">\n\t\t\t\t\t\t<span class=\"elementor-button-content-wrapper\">\n\t\t\t\t\t\t\t\t\t<span class=\"elementor-button-text\">G\u00c5 P\u00c5 OPDAGELSE I VORES PORTEF\u00d8LJE<\/span>\n\t\t\t\t\t<\/span>\n\t\t\t\t\t<\/a>\n\t\t\t\t<\/div>\n\t\t\t\t\t\t\t\t<\/div>\n\t\t\t\t<\/div>\n\t\t\t\t\t<\/div>\n\t\t\t\t<\/div>\n\t\t\t\t<\/div>\n\t\t<\/div>\n\t\t\t\t\t\t<\/div>\n\t\t\t\t<\/div>\n\t\t\t\t\t<\/div>\n\t\t\t\t<\/div>\n\t\t\t\t<\/div>","protected":false},"excerpt":{"rendered":"<p>CORPORATE SOCIAL RESPONSIBILITY THE AGENCY WITH THE BIG HEART \u201cI feel proud to be able to contribute and help these causes through my profession,\u201d says Line Lyster, director of Redline Company. \u201cI think it is important to be active within the community and certainly the Redline team strives to be of assistance and help where [&hellip;]<\/p>\n","protected":false},"author":1,"featured_media":0,"parent":23,"menu_order":3,"comment_status":"closed","ping_status":"closed","template":"","meta":{"_acf_changed":false,"content-type":"","footnotes":""},"class_list":["post-30","page","type-page","status-publish","hentry"],"acf":[],"_links":{"self":[{"href":"https:\/\/www.redlinecompany.com\/da\/wp-json\/wp\/v2\/pages\/30","targetHints":{"allow":["GET"]}}],"collection":[{"href":"https:\/\/www.redlinecompany.com\/da\/wp-json\/wp\/v2\/pages"}],"about":[{"href":"https:\/\/www.redlinecompany.com\/da\/wp-json\/wp\/v2\/types\/page"}],"author":[{"embeddable":true,"href":"https:\/\/www.redlinecompany.com\/da\/wp-json\/wp\/v2\/users\/1"}],"replies":[{"embeddable":true,"href":"https:\/\/www.redlinecompany.com\/da\/wp-json\/wp\/v2\/comments?post=30"}],"version-history":[{"count":10,"href":"https:\/\/www.redlinecompany.com\/da\/wp-json\/wp\/v2\/pages\/30\/revisions"}],"predecessor-version":[{"id":14771,"href":"https:\/\/www.redlinecompany.com\/da\/wp-json\/wp\/v2\/pages\/30\/revisions\/14771"}],"up":[{"embeddable":true,"href":"https:\/\/www.redlinecompany.com\/da\/wp-json\/wp\/v2\/pages\/23"}],"wp:attachment":[{"href":"https:\/\/www.redlinecompany.com\/da\/wp-json\/wp\/v2\/media?parent=30"}],"curies":[{"name":"wp","href":"https:\/\/api.w.org\/{rel}","templated":true}]}}